{"id":9,"date":"2017-11-03T19:05:45","date_gmt":"2017-11-03T18:05:45","guid":{"rendered":"http:\/\/triest.wanderndeluxe.de\/?page_id=9"},"modified":"2022-08-07T09:41:31","modified_gmt":"2022-08-07T07:41:31","slug":"home-page","status":"publish","type":"page","link":"https:\/\/www.rundwanderweg-triest.de\/en\/","title":{"rendered":"Homepage"},"content":{"rendered":"<div id=\"pl-9\"  class=\"panel-layout\" ><div id=\"pg-9-0\"  class=\"panel-grid panel-no-style\" ><div id=\"pgc-9-0-0\"  class=\"panel-grid-cell\" ><div id=\"panel-9-0-0-0\" class=\"so-panel widget widget_sow-features panel-first-child panel-last-child\" data-index=\"0\" ><div\n\t\t\t\n\t\t\tclass=\"so-widget-sow-features so-widget-sow-features-default-87f381d046f8-9\"\n\t\t\t\n\t\t><ul\n\tclass=\"sow-features-list\tsow-features-responsive\">\n\n\t\t\t<li\n\t\t\tclass=\"sow-features-feature sow-icon-container-position-top\"\n\t\t\tstyle=\"display: flex; flex-direction: column; width: calc(16.667% - 25px);\"\n\t\t>\n\t\t\t\n\t\t\t\t\t\t<a\t\t\t\tclass=\"sow-icon-container sow-container-round\"\n\t\t\t\tstyle=\"color: #bababa; \"\n\t\t\t\ttitle=\"Highlights\"\n\t\t\t\t\t\t\t\t\thref=\"https:\/\/www.rundwanderweg-triest.de\/en\/highlights\/\"\n\t\t\t\t\t\t\t\t>\n\t\t\t\t<span class=\"sow-icon-fontawesome sow-fas\" data-sow-icon=\"&#xf083;\"\n\t\tstyle=\"font-size: 36px; color: #757575\" \n\t\taria-hidden=\"true\"><\/span>\t\t\t<\/a>\n\n\t\t\t<div class=\"textwidget\">\n\t\t\t\t\n\t\t\t\t\t\t\t\t\t<h5 class=\"sow-features-feature-title\">\n\t\t\t\t\t\t\t\t\t\t\t\t\t<a\n\t\t\t\t\t\t\t\thref=\"https:\/\/www.rundwanderweg-triest.de\/en\/highlights\/\"\n\t\t\t\t\t\t\t\t\t\t\t\t\t\t\t>\n\t\t\t\t\t\t\tHighlights\t\t\t\t\t\t\t<\/a>\n\t\t\t\t\t\t\t\t\t\t\t\t<\/h5>\n\t\t\t\t\n\t\t\t\t\t\t\t<\/div>\n\t\t\t\t\t\t\t\t<\/li>\n\n\t\t\t<li\n\t\t\tclass=\"sow-features-feature sow-icon-container-position-top\"\n\t\t\tstyle=\"display: flex; flex-direction: column; width: calc(16.667% - 25px);\"\n\t\t>\n\t\t\t\n\t\t\t\t\t\t<a\t\t\t\tclass=\"sow-icon-container sow-container-round\"\n\t\t\t\tstyle=\"color: #bababa; \"\n\t\t\t\ttitle=\"Stages\"\n\t\t\t\t\t\t\t\t\thref=\"https:\/\/www.rundwanderweg-triest.de\/en\/category-2-2\/stages\/\"\n\t\t\t\t\t\t\t\t>\n\t\t\t\t<span class=\"sow-icon-fontawesome sow-fas\" data-sow-icon=\"&#xf00b;\"\n\t\tstyle=\"font-size: 36px; color: #757575\" \n\t\taria-hidden=\"true\"><\/span>\t\t\t<\/a>\n\n\t\t\t<div class=\"textwidget\">\n\t\t\t\t\n\t\t\t\t\t\t\t\t\t<h5 class=\"sow-features-feature-title\">\n\t\t\t\t\t\t\t\t\t\t\t\t\t<a\n\t\t\t\t\t\t\t\thref=\"https:\/\/www.rundwanderweg-triest.de\/en\/category-2-2\/stages\/\"\n\t\t\t\t\t\t\t\t\t\t\t\t\t\t\t>\n\t\t\t\t\t\t\tStages\t\t\t\t\t\t\t<\/a>\n\t\t\t\t\t\t\t\t\t\t\t\t<\/h5>\n\t\t\t\t\n\t\t\t\t\t\t\t<\/div>\n\t\t\t\t\t\t\t\t<\/li>\n\n\t\t\t<li\n\t\t\tclass=\"sow-features-feature sow-icon-container-position-top\"\n\t\t\tstyle=\"display: flex; flex-direction: column; width: calc(16.667% - 25px);\"\n\t\t>\n\t\t\t\n\t\t\t\t\t\t<a\t\t\t\tclass=\"sow-icon-container sow-container-round\"\n\t\t\t\tstyle=\"color: #bababa; \"\n\t\t\t\ttitle=\"Things to know\"\n\t\t\t\t\t\t\t\t\thref=\"https:\/\/www.rundwanderweg-triest.de\/en\/category-2-2\/worth-knowing\/\"\n\t\t\t\t\t\t\t\t>\n\t\t\t\t<span class=\"sow-icon-fontawesome sow-fas\" data-sow-icon=\"&#xf02d;\"\n\t\tstyle=\"font-size: 36px; color: #757575\" \n\t\taria-hidden=\"true\"><\/span>\t\t\t<\/a>\n\n\t\t\t<div class=\"textwidget\">\n\t\t\t\t\n\t\t\t\t\t\t\t\t\t<h5 class=\"sow-features-feature-title\">\n\t\t\t\t\t\t\t\t\t\t\t\t\t<a\n\t\t\t\t\t\t\t\thref=\"https:\/\/www.rundwanderweg-triest.de\/en\/category-2-2\/worth-knowing\/\"\n\t\t\t\t\t\t\t\t\t\t\t\t\t\t\t>\n\t\t\t\t\t\t\tThings to know\t\t\t\t\t\t\t<\/a>\n\t\t\t\t\t\t\t\t\t\t\t\t<\/h5>\n\t\t\t\t\n\t\t\t\t\t\t\t<\/div>\n\t\t\t\t\t\t\t\t<\/li>\n\n\t\t\t<li\n\t\t\tclass=\"sow-features-feature sow-icon-container-position-top\"\n\t\t\tstyle=\"display: flex; flex-direction: column; width: calc(16.667% - 25px);\"\n\t\t>\n\t\t\t\n\t\t\t\t\t\t<a\t\t\t\tclass=\"sow-icon-container sow-container-round\"\n\t\t\t\tstyle=\"color: #bababa; \"\n\t\t\t\ttitle=\"Map material\"\n\t\t\t\t\t\t\t\t\thref=\"https:\/\/www.rundwanderweg-triest.de\/en\/category-2-2\/map-material\/\"\n\t\t\t\t\t\t\t\t>\n\t\t\t\t<span class=\"sow-icon-fontawesome sow-fas\" data-sow-icon=\"&#xf14e;\"\n\t\tstyle=\"font-size: 36px; color: #757575\" \n\t\taria-hidden=\"true\"><\/span>\t\t\t<\/a>\n\n\t\t\t<div class=\"textwidget\">\n\t\t\t\t\n\t\t\t\t\t\t\t\t\t<h5 class=\"sow-features-feature-title\">\n\t\t\t\t\t\t\t\t\t\t\t\t\t<a\n\t\t\t\t\t\t\t\thref=\"https:\/\/www.rundwanderweg-triest.de\/en\/category-2-2\/map-material\/\"\n\t\t\t\t\t\t\t\t\t\t\t\t\t\t\t>\n\t\t\t\t\t\t\tMap material\t\t\t\t\t\t\t<\/a>\n\t\t\t\t\t\t\t\t\t\t\t\t<\/h5>\n\t\t\t\t\n\t\t\t\t\t\t\t<\/div>\n\t\t\t\t\t\t\t\t<\/li>\n\n\t\t\t<li\n\t\t\tclass=\"sow-features-feature sow-icon-container-position-top\"\n\t\t\tstyle=\"display: flex; flex-direction: column; width: calc(16.667% - 25px);\"\n\t\t>\n\t\t\t\n\t\t\t\t\t\t<a\t\t\t\tclass=\"sow-icon-container sow-container-round\"\n\t\t\t\tstyle=\"color: #bababa; \"\n\t\t\t\ttitle=\"Accommodation\"\n\t\t\t\t\t\t\t\t\thref=\"https:\/\/www.rundwanderweg-triest.de\/en\/category-2-2\/accommodations\/\"\n\t\t\t\t\t\t\t\t>\n\t\t\t\t<span class=\"sow-icon-fontawesome sow-fas\" data-sow-icon=\"&#xf236;\"\n\t\tstyle=\"font-size: 36px; color: #757575\" \n\t\taria-hidden=\"true\"><\/span>\t\t\t<\/a>\n\n\t\t\t<div class=\"textwidget\">\n\t\t\t\t\n\t\t\t\t\t\t\t\t\t<h5 class=\"sow-features-feature-title\">\n\t\t\t\t\t\t\t\t\t\t\t\t\t<a\n\t\t\t\t\t\t\t\thref=\"https:\/\/www.rundwanderweg-triest.de\/en\/category-2-2\/accommodations\/\"\n\t\t\t\t\t\t\t\t\t\t\t\t\t\t\t>\n\t\t\t\t\t\t\tAccommodation\t\t\t\t\t\t\t<\/a>\n\t\t\t\t\t\t\t\t\t\t\t\t<\/h5>\n\t\t\t\t\n\t\t\t\t\t\t\t<\/div>\n\t\t\t\t\t\t\t\t<\/li>\n\n\t\t\t<li\n\t\t\tclass=\"sow-features-feature sow-icon-container-position-top\"\n\t\t\tstyle=\"display: flex; flex-direction: column; width: calc(16.667% - 25px);\"\n\t\t>\n\t\t\t\n\t\t\t\t\t\t<a\t\t\t\tclass=\"sow-icon-container sow-container-round\"\n\t\t\t\tstyle=\"color: #bababa; \"\n\t\t\t\ttitle=\"Arrival\"\n\t\t\t\t\t\t\t\t\thref=\"https:\/\/www.rundwanderweg-triest.de\/en\/category-2-2\/arrival-departure-tries-2\/\"\n\t\t\t\t\t\t\t\t>\n\t\t\t\t<span class=\"sow-icon-fontawesome sow-fas\" data-sow-icon=\"&#xf238;\"\n\t\tstyle=\"font-size: 36px; color: #757575\" \n\t\taria-hidden=\"true\"><\/span>\t\t\t<\/a>\n\n\t\t\t<div class=\"textwidget\">\n\t\t\t\t\n\t\t\t\t\t\t\t\t\t<h5 class=\"sow-features-feature-title\">\n\t\t\t\t\t\t\t\t\t\t\t\t\t<a\n\t\t\t\t\t\t\t\thref=\"https:\/\/www.rundwanderweg-triest.de\/en\/category-2-2\/arrival-departure-tries-2\/\"\n\t\t\t\t\t\t\t\t\t\t\t\t\t\t\t>\n\t\t\t\t\t\t\tArrival\t\t\t\t\t\t\t<\/a>\n\t\t\t\t\t\t\t\t\t\t\t\t<\/h5>\n\t\t\t\t\n\t\t\t\t\t\t\t<\/div>\n\t\t\t\t\t\t\t\t<\/li>\n\n\t<\/ul>\n<\/div><\/div><\/div><\/div><div id=\"pg-9-1\"  class=\"panel-grid panel-no-style\" ><div id=\"pgc-9-1-0\"  class=\"panel-grid-cell\" ><div id=\"panel-9-1-0-0\" class=\"so-panel widget widget_black-studio-tinymce widget_black_studio_tinymce panel-first-child panel-last-child\" data-index=\"1\" ><h3 class=\"widget-title\">From Italy to Slovenia and back in five days<\/h3><div class=\"textwidget\"><p>The area around Trieste is ideal for hiking: The limestone plateau of the Slovenian Karst mountains pushes to within a few hundred meters of the Italian Adriatic in this area, creating a varied landscape of bizarre rock formations, rugged slopes, shady deciduous forests and carefully tended vineyards.<\/p>\n<p>The karst is particularly spectacular in the climbing and mountaineering paradise of Val Rosandra, where the small Rosandra River has carved an almost 400-meter-deep gorge into the karst mountains. In terms of scenery, you would almost think you were in the high mountains, if it weren't for the nearby sea and the harbor facilities on the horizon.<\/p>\n<\/div><\/div><\/div><div id=\"pgc-9-1-1\"  class=\"panel-grid-cell\" ><div id=\"panel-9-1-1-0\" class=\"so-panel widget widget_sow-image panel-first-child panel-last-child\" data-index=\"2\" ><div\n\t\t\t\n\t\t\tclass=\"so-widget-sow-image so-widget-sow-image-default-8b5b6f678277-9\"\n\t\t\t\n\t\t>\n<div class=\"sow-image-container\">\n\t\t\t<a href=\"https:\/\/www.rundwanderweg-triest.de\/wp-content\/uploads\/Rundwanderung-Triest-ITA-SLO-Etappe-3-Gesteinsformation-auf-dem-Triestiner-Karst-umgeben-von-Laubwald.jpg\"\n\t\t\t\t\t>\n\t\t\t<img \n\tsrc=\"https:\/\/www.rundwanderweg-triest.de\/wp-content\/uploads\/Rundwanderung-Triest-ITA-SLO-Etappe-3-Gesteinsformation-auf-dem-Triestiner-Karst-umgeben-von-Laubwald.jpg\" width=\"1200\" height=\"675\" srcset=\"https:\/\/www.rundwanderweg-triest.de\/wp-content\/uploads\/Rundwanderung-Triest-ITA-SLO-Etappe-3-Gesteinsformation-auf-dem-Triestiner-Karst-umgeben-von-Laubwald.jpg 1200w, https:\/\/www.rundwanderweg-triest.de\/wp-content\/uploads\/Rundwanderung-Triest-ITA-SLO-Etappe-3-Gesteinsformation-auf-dem-Triestiner-Karst-umgeben-von-Laubwald-300x169.jpg 300w, https:\/\/www.rundwanderweg-triest.de\/wp-content\/uploads\/Rundwanderung-Triest-ITA-SLO-Etappe-3-Gesteinsformation-auf-dem-Triestiner-Karst-umgeben-von-Laubwald-768x432.jpg 768w, https:\/\/www.rundwanderweg-triest.de\/wp-content\/uploads\/Rundwanderung-Triest-ITA-SLO-Etappe-3-Gesteinsformation-auf-dem-Triestiner-Karst-umgeben-von-Laubwald-1024x576.jpg 1024w\" sizes=\"(max-width: 1200px) 100vw, 1200px\" title=\"Limestone formation surrounded by deciduous forest\" alt=\"\" \t\tclass=\"so-widget-image\"\/>\n\t\t\t<\/a><\/div>\n\n<h3 class=\"widget-title\">Limestone formation surrounded by deciduous forest<\/h3><\/div><\/div><\/div><\/div><div id=\"pg-9-2\"  class=\"panel-grid panel-no-style\" ><div id=\"pgc-9-2-0\"  class=\"panel-grid-cell\" ><div id=\"panel-9-2-0-0\" class=\"so-panel widget widget_sow-image panel-first-child panel-last-child\" data-index=\"3\" ><div\n\t\t\t\n\t\t\tclass=\"so-widget-sow-image so-widget-sow-image-default-8b5b6f678277-9\"\n\t\t\t\n\t\t>\n<div class=\"sow-image-container\">\n\t\t\t<a href=\"https:\/\/www.rundwanderweg-triest.de\/wp-content\/uploads\/Rundwanderung-Triest-ITA-SLO-Etappe-3-Weinberge-auf-dem-Triestiner-Karst-1.jpg\"\n\t\t\t\t\t>\n\t\t\t<img \n\tsrc=\"https:\/\/www.rundwanderweg-triest.de\/wp-content\/uploads\/Rundwanderung-Triest-ITA-SLO-Etappe-3-Weinberge-auf-dem-Triestiner-Karst-1.jpg\" width=\"800\" height=\"600\" srcset=\"https:\/\/www.rundwanderweg-triest.de\/wp-content\/uploads\/Rundwanderung-Triest-ITA-SLO-Etappe-3-Weinberge-auf-dem-Triestiner-Karst-1.jpg 800w, https:\/\/www.rundwanderweg-triest.de\/wp-content\/uploads\/Rundwanderung-Triest-ITA-SLO-Etappe-3-Weinberge-auf-dem-Triestiner-Karst-1-300x225.jpg 300w, https:\/\/www.rundwanderweg-triest.de\/wp-content\/uploads\/Rundwanderung-Triest-ITA-SLO-Etappe-3-Weinberge-auf-dem-Triestiner-Karst-1-768x576.jpg 768w\" sizes=\"(max-width: 800px) 100vw, 800px\" title=\"Vineyards on the Trieste Karst\" alt=\"\" \t\tclass=\"so-widget-image\"\/>\n\t\t\t<\/a><\/div>\n\n<h3 class=\"widget-title\">Vineyards on the Trieste Karst<\/h3><\/div><\/div><\/div><div id=\"pgc-9-2-1\"  class=\"panel-grid-cell\" ><div id=\"panel-9-2-1-0\" class=\"so-panel widget widget_black-studio-tinymce widget_black_studio_tinymce panel-first-child\" data-index=\"4\" ><h3 class=\"widget-title\">Hiking through the karst landscape around Trieste<\/h3><div class=\"textwidget\"><p>In the summer of 2017, we set out and hiked this great area in five day stages! Who is interested in <strong>mediterranean long distance hiking<\/strong>\u00a0can inspire, where neither the <strong>sportive challenge<\/strong> nor the relaxation in <strong>beautiful accommodations<\/strong> is too short, who will certainly find around Trieste! The region is both scenic and culturally very attractive and has a lot to offer gastronomically!<\/p>\n<p>Since we have been working for several years under <a href=\"https:\/\/www.wanderndeluxe.de\" target=\"_blank\" rel=\"noopener\">www.wanderndeluxe.de<\/a>\u00a0recommend worthwhile long-distance hiking routes or create their own online hiking guides, we have now also prepared this hike accordingly and compiled tips for other hikers. In addition, we are pleased about <a href=\"https:\/\/www.rundwanderweg-triest.de\/en\/questions-experience-reports-and-tips-for-hiking-around-triest\/\">Feedback and feedback<\/a>!<\/p>\n<p>Have fun with the post hike!<\/p>\n<p>Frank &amp; Christiane<\/p>\n<\/div><\/div><div id=\"panel-9-2-1-1\" class=\"so-panel widget widget_siteorigin-panels-builder panel-last-child\" data-index=\"5\" ><div id=\"pl-w62ef6cab52f79\"  class=\"panel-layout\" ><div id=\"pg-w62ef6cab52f79-0\"  class=\"panel-grid panel-no-style\" ><div id=\"pgc-w62ef6cab52f79-0-0\"  class=\"panel-grid-cell\" ><div id=\"panel-w62ef6cab52f79-0-0-0\" class=\"so-panel widget widget_sow-image panel-first-child panel-last-child\" data-index=\"0\" ><div\n\t\t\t\n\t\t\tclass=\"so-widget-sow-image so-widget-sow-image-default-8b5b6f678277\"\n\t\t\t\n\t\t>\n<div class=\"sow-image-container\">\n\t\t<img \n\tsrc=\"https:\/\/www.rundwanderweg-triest.de\/wp-content\/uploads\/Profil-Frank-2020-150x150.jpg\" width=\"150\" height=\"150\" srcset=\"https:\/\/www.rundwanderweg-triest.de\/wp-content\/uploads\/Profil-Frank-2020-150x150.jpg 150w, https:\/\/www.rundwanderweg-triest.de\/wp-content\/uploads\/Profil-Frank-2020-300x300.jpg 300w, https:\/\/www.rundwanderweg-triest.de\/wp-content\/uploads\/Profil-Frank-2020-12x12.jpg 12w, https:\/\/www.rundwanderweg-triest.de\/wp-content\/uploads\/Profil-Frank-2020.jpg 696w\" sizes=\"(max-width: 150px) 100vw, 150px\" alt=\"\" \t\tclass=\"so-widget-image\"\/>\n\t<\/div>\n\n<\/div><\/div><\/div><div id=\"pgc-w62ef6cab52f79-0-1\"  class=\"panel-grid-cell\" ><div id=\"panel-w62ef6cab52f79-0-1-0\" class=\"so-panel widget widget_sow-image panel-first-child panel-last-child\" data-index=\"1\" ><div\n\t\t\t\n\t\t\tclass=\"so-widget-sow-image so-widget-sow-image-default-8b5b6f678277\"\n\t\t\t\n\t\t>\n<div class=\"sow-image-container\">\n\t\t<img \n\tsrc=\"https:\/\/www.rundwanderweg-triest.de\/wp-content\/uploads\/Avatar_Christiane_klein-150x150.jpg\" width=\"150\" height=\"150\" srcset=\"https:\/\/www.rundwanderweg-triest.de\/wp-content\/uploads\/Avatar_Christiane_klein-150x150.jpg 150w, https:\/\/www.rundwanderweg-triest.de\/wp-content\/uploads\/Avatar_Christiane_klein-300x300.jpg 300w, https:\/\/www.rundwanderweg-triest.de\/wp-content\/uploads\/Avatar_Christiane_klein-12x12.jpg 12w, https:\/\/www.rundwanderweg-triest.de\/wp-content\/uploads\/Avatar_Christiane_klein.jpg 667w\" sizes=\"(max-width: 150px) 100vw, 150px\" alt=\"\" \t\tclass=\"so-widget-image\"\/>\n\t<\/div>\n\n<\/div><\/div><\/div><\/div><\/div><\/div><\/div><\/div><div id=\"pg-9-3\"  class=\"panel-grid panel-no-style\" ><div id=\"pgc-9-3-0\"  class=\"panel-grid-cell\" ><div id=\"panel-9-3-0-0\" class=\"so-panel widget widget_sow-editor panel-first-child panel-last-child\" data-index=\"6\" ><div\n\t\t\t\n\t\t\tclass=\"so-widget-sow-editor so-widget-sow-editor-base\"\n\t\t\t\n\t\t>\n<div class=\"siteorigin-widget-tinymce textwidget\">\n\t\n\t\t<style type=\"text\/css\">\n\t\t\t#gallery-1 {\n\t\t\t\tmargin: auto;\n\t\t\t}\n\t\t\t#gallery-1 .gallery-item {\n\t\t\t\tfloat: left;\n\t\t\t\tmargin-top: 10px;\n\t\t\t\ttext-align: center;\n\t\t\t\twidth: 33%;\n\t\t\t}\n\t\t\t#gallery-1 img {\n\t\t\t\tborder: 2px solid #cfcfcf;\n\t\t\t}\n\t\t\t#gallery-1 .gallery-caption {\n\t\t\t\tmargin-left: 0;\n\t\t\t}\n\t\t\t\/* see gallery_shortcode() in wp-includes\/media.php *\/\n\t\t<\/style>\n\t\t<div id='gallery-1' class='gallery galleryid-9 gallery-columns-3 gallery-size-full'><dl class='gallery-item'>\n\t\t\t<dt class='gallery-icon landscape'>\n\t\t\t\t<a href=\"https:\/\/www.rundwanderweg-triest.de\/wp-content\/uploads\/Rundwanderung-Triest-ITA-SLO-Etappe-1-Blick-\u00fcber-den-Golf-von-Triest-bis-nach-Kroatien.jpg\"><img loading=\"lazy\" decoding=\"async\" width=\"800\" height=\"800\" src=\"https:\/\/www.rundwanderweg-triest.de\/wp-content\/uploads\/Rundwanderung-Triest-ITA-SLO-Etappe-1-Blick-\u00fcber-den-Golf-von-Triest-bis-nach-Kroatien.jpg\" class=\"attachment-full size-full\" alt=\"\" srcset=\"https:\/\/www.rundwanderweg-triest.de\/wp-content\/uploads\/Rundwanderung-Triest-ITA-SLO-Etappe-1-Blick-\u00fcber-den-Golf-von-Triest-bis-nach-Kroatien.jpg 800w, https:\/\/www.rundwanderweg-triest.de\/wp-content\/uploads\/Rundwanderung-Triest-ITA-SLO-Etappe-1-Blick-\u00fcber-den-Golf-von-Triest-bis-nach-Kroatien-150x150.jpg 150w, https:\/\/www.rundwanderweg-triest.de\/wp-content\/uploads\/Rundwanderung-Triest-ITA-SLO-Etappe-1-Blick-\u00fcber-den-Golf-von-Triest-bis-nach-Kroatien-300x300.jpg 300w, https:\/\/www.rundwanderweg-triest.de\/wp-content\/uploads\/Rundwanderung-Triest-ITA-SLO-Etappe-1-Blick-\u00fcber-den-Golf-von-Triest-bis-nach-Kroatien-768x768.jpg 768w\" sizes=\"auto, (max-width: 800px) 100vw, 800px\" \/><\/a>\n\t\t\t<\/dt><\/dl><dl class='gallery-item'>\n\t\t\t<dt class='gallery-icon landscape'>\n\t\t\t\t<a href=\"https:\/\/www.rundwanderweg-triest.de\/wp-content\/uploads\/\u00dcbernachtung-in-Sgonico-BB-Sgonico-Swimming-Pool-mit-Holzumrandung.jpg\"><img loading=\"lazy\" decoding=\"async\" width=\"800\" height=\"800\" src=\"https:\/\/www.rundwanderweg-triest.de\/wp-content\/uploads\/\u00dcbernachtung-in-Sgonico-BB-Sgonico-Swimming-Pool-mit-Holzumrandung.jpg\" class=\"attachment-full size-full\" alt=\"\" srcset=\"https:\/\/www.rundwanderweg-triest.de\/wp-content\/uploads\/\u00dcbernachtung-in-Sgonico-BB-Sgonico-Swimming-Pool-mit-Holzumrandung.jpg 800w, https:\/\/www.rundwanderweg-triest.de\/wp-content\/uploads\/\u00dcbernachtung-in-Sgonico-BB-Sgonico-Swimming-Pool-mit-Holzumrandung-150x150.jpg 150w, https:\/\/www.rundwanderweg-triest.de\/wp-content\/uploads\/\u00dcbernachtung-in-Sgonico-BB-Sgonico-Swimming-Pool-mit-Holzumrandung-300x300.jpg 300w, https:\/\/www.rundwanderweg-triest.de\/wp-content\/uploads\/\u00dcbernachtung-in-Sgonico-BB-Sgonico-Swimming-Pool-mit-Holzumrandung-768x768.jpg 768w\" sizes=\"auto, (max-width: 800px) 100vw, 800px\" \/><\/a>\n\t\t\t<\/dt><\/dl><dl class='gallery-item'>\n\t\t\t<dt class='gallery-icon landscape'>\n\t\t\t\t<a href=\"https:\/\/www.rundwanderweg-triest.de\/wp-content\/uploads\/Rundwanderweg-Triest-Aperitivo-in-der-Abendsonne-am-Canal-Grande-in-Triest.jpg\"><img loading=\"lazy\" decoding=\"async\" width=\"800\" height=\"800\" src=\"https:\/\/www.rundwanderweg-triest.de\/wp-content\/uploads\/Rundwanderweg-Triest-Aperitivo-in-der-Abendsonne-am-Canal-Grande-in-Triest.jpg\" class=\"attachment-full size-full\" alt=\"\" srcset=\"https:\/\/www.rundwanderweg-triest.de\/wp-content\/uploads\/Rundwanderweg-Triest-Aperitivo-in-der-Abendsonne-am-Canal-Grande-in-Triest.jpg 800w, https:\/\/www.rundwanderweg-triest.de\/wp-content\/uploads\/Rundwanderweg-Triest-Aperitivo-in-der-Abendsonne-am-Canal-Grande-in-Triest-150x150.jpg 150w, https:\/\/www.rundwanderweg-triest.de\/wp-content\/uploads\/Rundwanderweg-Triest-Aperitivo-in-der-Abendsonne-am-Canal-Grande-in-Triest-300x300.jpg 300w, https:\/\/www.rundwanderweg-triest.de\/wp-content\/uploads\/Rundwanderweg-Triest-Aperitivo-in-der-Abendsonne-am-Canal-Grande-in-Triest-768x768.jpg 768w\" sizes=\"auto, (max-width: 800px) 100vw, 800px\" \/><\/a>\n\t\t\t<\/dt><\/dl><br style=\"clear: both\" \/>\n\t\t<\/div>\n\n<\/div>\n<\/div><\/div><\/div><\/div><\/div>","protected":false},"excerpt":{"rendered":"<p>Die Gegend rund um Triest eignet sich hervorragend zum Wandern: Das Kalksteinplateau des slowenischen Karst-Gebirges schiebt sich in dieser Gegend bis auf wenige hundert Meter an die italienische Adria heran und schafft damit eine abwechslungsreiche Landschaft aus bizarren Felsformationen, schroffen Abh\u00e4ngen,\u00a0schattigen Laubw\u00e4ldern und sorgf\u00e4ltig gepflegten Weinbergen. Besonders spektakul\u00e4r setzt sich der Karst im Kletter- und [&hellip;]<\/p>\n","protected":false},"author":1,"featured_media":0,"parent":0,"menu_order":0,"comment_status":"closed","ping_status":"closed","template":"home-panels.php","meta":{"footnotes":""},"class_list":["post-9","page","type-page","status-publish","hentry","post"],"_links":{"self":[{"href":"https:\/\/www.rundwanderweg-triest.de\/en\/wp-json\/wp\/v2\/pages\/9","targetHints":{"allow":["GET"]}}],"collection":[{"href":"https:\/\/www.rundwanderweg-triest.de\/en\/wp-json\/wp\/v2\/pages"}],"about":[{"href":"https:\/\/www.rundwanderweg-triest.de\/en\/wp-json\/wp\/v2\/types\/page"}],"author":[{"embeddable":true,"href":"https:\/\/www.rundwanderweg-triest.de\/en\/wp-json\/wp\/v2\/users\/1"}],"replies":[{"embeddable":true,"href":"https:\/\/www.rundwanderweg-triest.de\/en\/wp-json\/wp\/v2\/comments?post=9"}],"version-history":[{"count":3,"href":"https:\/\/www.rundwanderweg-triest.de\/en\/wp-json\/wp\/v2\/pages\/9\/revisions"}],"predecessor-version":[{"id":2571,"href":"https:\/\/www.rundwanderweg-triest.de\/en\/wp-json\/wp\/v2\/pages\/9\/revisions\/2571"}],"wp:attachment":[{"href":"https:\/\/www.rundwanderweg-triest.de\/en\/wp-json\/wp\/v2\/media?parent=9"}],"curies":[{"name":"wp","href":"https:\/\/api.w.org\/{rel}","templated":true}]}}