{"id":24,"date":"2017-11-05T17:44:16","date_gmt":"2017-11-05T16:44:16","guid":{"rendered":"https:\/\/www.rundwanderweg-triest.de\/?page_id=24"},"modified":"2025-04-24T09:48:09","modified_gmt":"2025-04-24T07:48:09","slug":"proteccion-de-datos","status":"publish","type":"page","link":"https:\/\/www.rundwanderweg-triest.de\/es\/datenschutz\/","title":{"rendered":"Pol\u00edtica de privacidad"},"content":{"rendered":"<div id=\"pl-24\"  class=\"panel-layout\" ><div id=\"pg-24-0\"  class=\"panel-grid panel-no-style\" ><div id=\"pgc-24-0-0\"  class=\"panel-grid-cell\" ><div id=\"panel-24-0-0-0\" class=\"so-panel widget widget_sow-editor panel-first-child\" data-index=\"0\" ><div\n\t\t\t\n\t\t\tclass=\"so-widget-sow-editor so-widget-sow-editor-base\"\n\t\t\t\n\t\t>\n<div class=\"siteorigin-widget-tinymce textwidget\">\n\t<p>Al utilizar nuestro sitio web, se recopilan y almacenan datos personales en el sentido de la Ley Federal de Protecci\u00f3n de Datos (Bundesdatenschutzgesetz) y del Reglamento Europeo de Protecci\u00f3n de Datos (EU-DSGVO) de diversas maneras. Esto ocurre de diferentes maneras dependiendo del \u00e1rea de uso:<\/p>\n<p><strong>Descargas<\/strong><\/p>\n<p>En nuestro sitio web ofrecemos descargas de archivos. Las \"cookies\" (peque\u00f1os archivos de texto que el navegador almacena en su ordenador) se utilizan para almacenar temporalmente el contenido de la cesta de la compra. En el proceso de pedido posterior, recogemos su direcci\u00f3n de correo electr\u00f3nico para enviarle una vez los enlaces de descarga deseados por correo electr\u00f3nico. La especificaci\u00f3n de su apellido y nombre es opcional. El programa o plugin de WordPress \"Easy Digital Downloads\" que utilizamos para la descarga de archivos almacena la siguiente informaci\u00f3n en nuestra base de datos: direcci\u00f3n de correo electr\u00f3nico, nombre y apellidos (si los ha facilitado), los archivos de descarga seleccionados (cesta de la compra) y el historial de descargas (un registro de cu\u00e1ndo y cu\u00e1ntas veces ha descargado qu\u00e9 archivos). Este almacenamiento de datos se utiliza para el tratamiento automatizado de sus solicitudes de descarga de archivos y para evaluaciones estad\u00edsticas. Si lo solicita, eliminaremos sus datos personales de nuestra base de datos.<\/p>\n<p><strong>Comentarios<\/strong><\/p>\n<p>Si deja una contribuci\u00f3n o un comentario en este sitio web, almacenaremos su nombre, su direcci\u00f3n de correo electr\u00f3nico y, si la ha introducido en el formulario, posiblemente tambi\u00e9n su sitio web. Su direcci\u00f3n de correo electr\u00f3nico no es visible p\u00fablicamente, pero puede ser utilizada por nosotros para consultas o respuestas en relaci\u00f3n con su comentario. Si desea que se elimine un comentario que ha introducido, comun\u00edquenoslo por correo electr\u00f3nico.<\/p>\n<p><strong>Suscribirse a la notificaci\u00f3n de comentarios<\/strong><\/p>\n<p>Independientemente de la opci\u00f3n de dejar comentarios en el sitio web usted mismo, tambi\u00e9n existe la opci\u00f3n de que le notifiquemos por correo electr\u00f3nico los nuevos comentarios sobre un art\u00edculo. En este caso, guardamos su direcci\u00f3n de correo electr\u00f3nico y la(s) entrada(s) para la(s) que desea suscribirse a los comentarios. Por razones de seguridad, debe confirmar su consentimiento en el llamado procedimiento de doble opt-in. Puede eliminar sus suscripciones a notificaciones en cualquier momento; en cada correo electr\u00f3nico de notificaci\u00f3n se incluyen los correspondientes enlaces para darse de baja.<\/p>\n<p><strong>Formulario de contacto \/ correos electr\u00f3nicos<\/strong><\/p>\n<p>Si se pone en contacto con nosotros por correo electr\u00f3nico o formulario de contacto en relaci\u00f3n con cuestiones de cualquier tipo, nos da su consentimiento voluntario para que nos pongamos en contacto con usted. Para ello, debe proporcionar una direcci\u00f3n de correo electr\u00f3nico v\u00e1lida. Se utiliza para la asignaci\u00f3n de la consulta y la posterior respuesta a la misma. El suministro de m\u00e1s datos es opcional. La informaci\u00f3n que proporcione se almacenar\u00e1 con el fin de procesar la consulta y para posibles preguntas de seguimiento.<\/p>\n<p><strong>Uso de Google Maps<\/strong><\/p>\n<p>Este sitio web utiliza la API de Google Maps para mostrar visualmente la informaci\u00f3n geogr\u00e1fica. Al utilizar Google Maps, Google tambi\u00e9n recopila, procesa y utiliza datos sobre el uso que los visitantes hacen de las funciones de los mapas. Puede encontrar m\u00e1s informaci\u00f3n sobre el tratamiento de datos por parte de Google en la siguiente p\u00e1gina web <a href=\"http:\/\/www.google.com\/privacypolicy.html\" target=\"_blank\" rel=\"noopener\">la pol\u00edtica de privacidad de Google<\/a> de la p\u00e1gina web. All\u00ed tambi\u00e9n puede modificar sus ajustes de protecci\u00f3n de datos personales en el centro de protecci\u00f3n de datos.<\/p>\n<p>Instrucciones detalladas sobre c\u00f3mo gestionar tus propios datos en relaci\u00f3n con los productos de Google<a href=\"http:\/\/www.dataliberation.org\/\" target=\"_blank\" rel=\"noopener\"> puede encontrar aqu\u00ed<\/a>.<\/p>\n<p><strong>Localizaci\u00f3n \/ Geolocalizaci\u00f3n<\/strong><\/p>\n<p>Para los mapas basados en OpenStreetMap incrustados en nuestro sitio web, ofrecemos la opci\u00f3n de mostrar su propia ubicaci\u00f3n en el mapa. Se trata de una funcionalidad del llamado est\u00e1ndar HTML 5. Antes de solicitar sus datos de localizaci\u00f3n, su navegador le pedir\u00e1 su consentimiento expl\u00edcito. No evaluamos su ubicaci\u00f3n transmitida de esta manera. La determinaci\u00f3n de la ubicaci\u00f3n s\u00f3lo sirve para mostrarle la secci\u00f3n del mapa alrededor de su posici\u00f3n actual.<\/p>\n<\/div>\n<\/div><\/div><div id=\"panel-24-0-0-1\" class=\"so-panel widget widget_sow-editor\" data-index=\"1\" ><div\n\t\t\t\n\t\t\tclass=\"so-widget-sow-editor so-widget-sow-editor-base\"\n\t\t\t\n\t\t>\n<div class=\"siteorigin-widget-tinymce textwidget\">\n\t<p><strong>Participaci\u00f3n en programas de socios afiliados<\/strong><\/p>\n<p><span class=\"ts-muster-content\">Dentro de nuestra oferta en l\u00ednea, utilizamos medidas de seguimiento est\u00e1ndar del sector sobre la base de nuestros intereses leg\u00edtimos (es decir, el inter\u00e9s en el an\u00e1lisis, la optimizaci\u00f3n y el funcionamiento econ\u00f3mico de nuestra oferta en l\u00ednea) de conformidad con el art. 6 (1) lit. f DSGVO, en la medida en que sean necesarias para el funcionamiento del sistema de afiliados. A continuaci\u00f3n, explicamos los antecedentes t\u00e9cnicos a los usuarios.<\/span><\/p>\n<p>Los servicios ofrecidos por nuestros socios contractuales tambi\u00e9n pueden anunciarse y enlazarse en otros sitios web (los denominados enlaces de afiliaci\u00f3n o sistemas de poscompra, si, por ejemplo, se ofrecen enlaces o servicios de terceros despu\u00e9s de haber celebrado un contrato). Los operadores de los respectivos sitios web reciben una comisi\u00f3n si los usuarios siguen los enlaces de los afiliados y posteriormente aprovechan las ofertas.<\/p>\n<p>En resumen, es necesario para nuestra oferta en l\u00ednea que podamos rastrear si los usuarios que est\u00e1n interesados en los enlaces de afiliados y\/o las ofertas disponibles de nosotros aprovechan posteriormente las ofertas a instancias de los enlaces de afiliados o de nuestra plataforma en l\u00ednea. Para ello, los enlaces de afiliaci\u00f3n y nuestras ofertas se complementan con determinados valores, que pueden formar parte del enlace o establecerse de otro modo, por ejemplo, en una cookie. Los valores incluyen, en particular, el sitio web de origen (referrer), la hora, un identificador en l\u00ednea del operador del sitio web en el que se encontraba el enlace de afiliaci\u00f3n, un identificador en l\u00ednea de la oferta respectiva, un identificador en l\u00ednea del usuario, as\u00ed como valores espec\u00edficos de seguimiento como, por ejemplo, el ID del material publicitario, el ID del socio y las categorizaciones.<\/p>\n<p>Los identificadores de usuario en l\u00ednea que utilizamos son valores seud\u00f3nimos. Esto significa que los propios identificadores en l\u00ednea no contienen datos personales como nombres o direcciones de correo electr\u00f3nico. S\u00f3lo nos ayudan a determinar si el mismo usuario que hizo clic en un enlace de afiliaci\u00f3n o se interes\u00f3 por una oferta a trav\u00e9s de nuestra oferta en l\u00ednea ha aprovechado la oferta, es decir, por ejemplo, ha celebrado un contrato con el proveedor. Sin embargo, la identificaci\u00f3n en l\u00ednea es personal en la medida en que la empresa asociada y tambi\u00e9n nosotros tenemos la identificaci\u00f3n en l\u00ednea junto con otros datos del usuario. S\u00f3lo as\u00ed la empresa asociada puede informarnos de si el usuario se ha acogido a la oferta y si podemos, por ejemplo, recibir la bonificaci\u00f3n.<\/p>\n<p><strong>Programa de afiliaci\u00f3n de Booking.com<\/strong><\/p>\n<p><span class=\"ts-muster-content\">Sobre la base de nuestros intereses leg\u00edtimos (es decir, el inter\u00e9s en el funcionamiento econ\u00f3mico de nuestra oferta en l\u00ednea en el sentido del Art. 6 p\u00e1rrafo 1 lit. f. DSGVO), somos participantes en el programa de afiliados de Booking.com. DSGVO), participamos en el programa de afiliados de Booking.com, que fue dise\u00f1ado para proporcionar un medio a los sitios web por medio del cual se pueden ganar honorarios de publicidad a trav\u00e9s de la colocaci\u00f3n de anuncios y enlaces a Booking.com (el llamado sistema de afiliados). Booking.com utiliza cookies para rastrear el origen de las reservas. Entre otras cosas, Booking.com puede reconocer que has hecho clic en el enlace de afiliado de este sitio web y que posteriormente has hecho una reserva con Booking.com.<\/span><\/p>\n<p>Para m\u00e1s informaci\u00f3n sobre el uso de tus datos por parte de Booking.com y para excluirte, consulta la pol\u00edtica de privacidad de la empresa: <a href=\"https:\/\/www.booking.com\/content\/privacy.de.html\" target=\"_blank\" rel=\"noopener\">https:\/\/www.booking.com\/content\/privacy.de.html<\/a>.<\/p>\n<p><strong>Programa de afiliados de Amazon<\/strong><\/p>\n<p><span class=\"ts-muster-content\">Sobre la base de nuestros intereses leg\u00edtimos (es decir, el inter\u00e9s en el funcionamiento econ\u00f3mico de nuestra oferta en l\u00ednea en el sentido del art. 6, p\u00e1rr. 1 lit. f. DSGVO), somos participantes en el programa de afiliados de Amazon EU. DSGVO), participamos en el programa de afiliaci\u00f3n de Amazon EU, que est\u00e1 dise\u00f1ado para proporcionar un medio para que los sitios web ganen honorarios de publicidad mediante la colocaci\u00f3n de anuncios y enlaces a Amazon.de (el llamado sistema de afiliaci\u00f3n). Es decir, como socio de Amazon, ganamos por las compras cualificadas.<\/span><\/p>\n<p>Amazon utiliza cookies para rastrear el origen de los pedidos. Entre otras cosas, Amazon puede reconocer que usted ha hecho clic en el enlace asociado de este sitio web y que posteriormente ha comprado un producto de Amazon.<\/p>\n<p>Para m\u00e1s informaci\u00f3n sobre el uso de los datos por parte de Amazon y para excluirse, consulte la pol\u00edtica de privacidad de la empresa: <a href=\"https:\/\/www.amazon.de\/gp\/help\/customer\/display.html?nodeId=201909010\" target=\"_blank\" rel=\"noopener\">https:\/\/www.amazon.de\/gp\/help\/customer\/display.html?nodeId=201909010<\/a>.<\/p>\n<p>Nota: Amazon y el logotipo de Amazon son marcas comerciales de Amazon.com, Inc. o de una de sus filiales.<\/p>\n<\/div>\n<\/div><\/div><div id=\"panel-24-0-0-2\" class=\"so-panel widget widget_sow-editor\" data-index=\"2\" ><div\n\t\t\t\n\t\t\tclass=\"so-widget-sow-editor so-widget-sow-editor-base\"\n\t\t\t\n\t\t>\n<div class=\"siteorigin-widget-tinymce textwidget\">\n\t<p><strong>Galletas<\/strong><\/p>\n<p>Este sitio web utiliza cookies. Se trata de peque\u00f1os archivos de texto que se almacenan en su dispositivo terminal. Su navegador accede a estos archivos. El uso de cookies aumenta la facilidad de uso y la seguridad de este sitio web. Tambi\u00e9n utilizamos cookies en relaci\u00f3n con Google Analytics. Los navegadores habituales ofrecen la opci\u00f3n de no permitir las cookies. Nota: No se garantiza que pueda acceder a todas las funciones de este sitio web sin restricciones si realiza los ajustes correspondientes.<\/p>\n<p><strong>Archivos de registro del servidor \/ datos de acceso<\/strong><\/p>\n<p>Nosotros o nuestro proveedor del sitio web recoge datos sobre los accesos al sitio y los almacena como \"archivos de registro del servidor\". Los siguientes datos se registran de esta manera:<br \/>\n- Sitio web visitado<br \/>\n- Hora en el momento del acceso<br \/>\n- Cantidad de datos enviados en bytes<br \/>\n- Fuente\/referencia desde la que lleg\u00f3 a la p\u00e1gina<br \/>\n- Navegador utilizado<br \/>\n- Sistema operativo utilizado<br \/>\n- Direcci\u00f3n IP utilizada de forma an\u00f3nima<br \/>\nLos datos recogidos s\u00f3lo se utilizan para evaluaciones estad\u00edsticas y para mejorar el sitio web y se eliminan autom\u00e1ticamente despu\u00e9s de 7 d\u00edas.<\/p>\n<p><strong>Cambio en nuestra pol\u00edtica de privacidad<\/strong><\/p>\n<p>Nos reservamos el derecho de adaptar esta declaraci\u00f3n de protecci\u00f3n de datos para que se ajuste siempre a los requisitos legales vigentes o para realizar cambios en nuestros servicios en la declaraci\u00f3n de protecci\u00f3n de datos, por ejemplo, al introducir nuevos servicios. La nueva declaraci\u00f3n de protecci\u00f3n de datos se aplicar\u00e1 entonces a su pr\u00f3xima visita.<\/p>\n<p><strong>Derechos del usuario: informaci\u00f3n, rectificaci\u00f3n y supresi\u00f3n<\/strong><\/p>\n<p>Como usuario, puede solicitar informaci\u00f3n gratuita sobre los datos personales que se han almacenado sobre usted. Siempre que su solicitud no entre en conflicto con una obligaci\u00f3n legal de conservar los datos (por ejemplo, la retenci\u00f3n de datos), tiene derecho a que se corrijan los datos incorrectos y a que se bloqueen o eliminen sus datos personales.<\/p>\n<\/div>\n<\/div><\/div><div id=\"panel-24-0-0-3\" class=\"so-panel widget widget_sow-editor panel-last-child\" data-index=\"3\" ><div\n\t\t\t\n\t\t\tclass=\"so-widget-sow-editor so-widget-sow-editor-base\"\n\t\t\t\n\t\t>\n<div class=\"siteorigin-widget-tinymce textwidget\">\n\t<p><a class=\"dsg1-6\" href=\"https:\/\/datenschutz-generator.de\" target=\"_blank\" rel=\"nofollow noopener\">Creado con Datenschutz-Generator.de por RA Dr. Thomas Schwenke<\/a> y personalizados por el propietario del sitio web.<\/p>\n<p><strong>Otras fuentes utilizadas:<\/strong><\/p>\n<p><a href=\"http:\/\/www.datenschutzbeauftragter-info.de\" target=\"_blank\" rel=\"noopener\">www.datenschutzbeauftragter-info.de<\/a><a href=\"http:\/\/datenschutz.org\" target=\"_blank\" rel=\"noopener\">,\u00a0<\/a><a href=\"http:\/\/datenschutz.org\" target=\"_blank\" rel=\"noopener\">protecci\u00f3n de datos.org<\/a><a href=\"http:\/\/datenschutz.org\" target=\"_blank\" rel=\"noopener\">, <\/a><a href=\"https:\/\/www.activemind.de\/datenschutz\/datenschutzhinweis-generator\/\" target=\"_blank\" rel=\"noopener\"><em>Generador de declaraciones de protecci\u00f3n de datos de activeMind AG<\/em><\/a><\/p>\n<\/div>\n<\/div><\/div><\/div><\/div><\/div>","protected":false},"excerpt":{"rendered":"<p>Bei der Nutzung unserer Website werden auf verschiedene Weise personenbezogene Daten im Sinne des deutschen Bundesdatenschutzgesetzes bzw. der europ\u00e4ischen Datenschutzgrundverordnung (EU-DSGVO) erhoben und gespeichert. Dies geschieht je nach Nutzungsbereich auf unterschiedliche Weise: Downloads Auf unserer Website bieten wir Datei-Downloads an. Um den Warenkorb-Inhalt zwischenzuspeichern, werden &#8222;Cookies&#8220; verwendet (kleine Textdateien, die durch den Browser auf Ihrem [&hellip;]<\/p>\n","protected":false},"author":1,"featured_media":0,"parent":0,"menu_order":0,"comment_status":"closed","ping_status":"closed","template":"","meta":{"footnotes":""},"class_list":["post-24","page","type-page","status-publish","hentry","post"],"_links":{"self":[{"href":"https:\/\/www.rundwanderweg-triest.de\/es\/wp-json\/wp\/v2\/pages\/24","targetHints":{"allow":["GET"]}}],"collection":[{"href":"https:\/\/www.rundwanderweg-triest.de\/es\/wp-json\/wp\/v2\/pages"}],"about":[{"href":"https:\/\/www.rundwanderweg-triest.de\/es\/wp-json\/wp\/v2\/types\/page"}],"author":[{"embeddable":true,"href":"https:\/\/www.rundwanderweg-triest.de\/es\/wp-json\/wp\/v2\/users\/1"}],"replies":[{"embeddable":true,"href":"https:\/\/www.rundwanderweg-triest.de\/es\/wp-json\/wp\/v2\/comments?post=24"}],"version-history":[{"count":9,"href":"https:\/\/www.rundwanderweg-triest.de\/es\/wp-json\/wp\/v2\/pages\/24\/revisions"}],"predecessor-version":[{"id":3341,"href":"https:\/\/www.rundwanderweg-triest.de\/es\/wp-json\/wp\/v2\/pages\/24\/revisions\/3341"}],"wp:attachment":[{"href":"https:\/\/www.rundwanderweg-triest.de\/es\/wp-json\/wp\/v2\/media?parent=24"}],"curies":[{"name":"wp","href":"https:\/\/api.w.org\/{rel}","templated":true}]}}