{"id":9,"date":"2017-11-03T19:05:45","date_gmt":"2017-11-03T18:05:45","guid":{"rendered":"http:\/\/triest.wanderndeluxe.de\/?page_id=9"},"modified":"2022-08-07T09:41:31","modified_gmt":"2022-08-07T07:41:31","slug":"pagina-de-inicio","status":"publish","type":"page","link":"https:\/\/www.rundwanderweg-triest.de\/es\/","title":{"rendered":"P\u00e1gina de inicio"},"content":{"rendered":"<div id=\"pl-9\"  class=\"panel-layout\" ><div id=\"pg-9-0\"  class=\"panel-grid panel-no-style\" ><div id=\"pgc-9-0-0\"  class=\"panel-grid-cell\" ><div id=\"panel-9-0-0-0\" class=\"so-panel widget widget_sow-features panel-first-child panel-last-child\" data-index=\"0\" ><div\n\t\t\t\n\t\t\tclass=\"so-widget-sow-features so-widget-sow-features-default-87f381d046f8-9\"\n\t\t\t\n\t\t><ul\n\tclass=\"sow-features-list\tsow-features-responsive\">\n\n\t\t\t<li\n\t\t\tclass=\"sow-features-feature sow-icon-container-position-top\"\n\t\t\tstyle=\"display: flex; flex-direction: column; width: calc(16.667% - 25px);\"\n\t\t>\n\t\t\t\n\t\t\t\t\t\t<a\t\t\t\tclass=\"sow-icon-container sow-container-round\"\n\t\t\t\tstyle=\"color: #bababa; \"\n\t\t\t\ttitle=\"Destacados\"\n\t\t\t\t\t\t\t\t\thref=\"https:\/\/www.rundwanderweg-triest.de\/es\/highlights\/\"\n\t\t\t\t\t\t\t\t>\n\t\t\t\t<span class=\"sow-icon-fontawesome sow-fas\" data-sow-icon=\"&#xf083;\"\n\t\tstyle=\"font-size: 36px; color: #757575\" \n\t\taria-hidden=\"true\"><\/span>\t\t\t<\/a>\n\n\t\t\t<div class=\"textwidget\">\n\t\t\t\t\n\t\t\t\t\t\t\t\t\t<h5 class=\"sow-features-feature-title\">\n\t\t\t\t\t\t\t\t\t\t\t\t\t<a\n\t\t\t\t\t\t\t\thref=\"https:\/\/www.rundwanderweg-triest.de\/es\/highlights\/\"\n\t\t\t\t\t\t\t\t\t\t\t\t\t\t\t>\n\t\t\t\t\t\t\tDestacados\t\t\t\t\t\t\t<\/a>\n\t\t\t\t\t\t\t\t\t\t\t\t<\/h5>\n\t\t\t\t\n\t\t\t\t\t\t\t<\/div>\n\t\t\t\t\t\t\t\t<\/li>\n\n\t\t\t<li\n\t\t\tclass=\"sow-features-feature sow-icon-container-position-top\"\n\t\t\tstyle=\"display: flex; flex-direction: column; width: calc(16.667% - 25px);\"\n\t\t>\n\t\t\t\n\t\t\t\t\t\t<a\t\t\t\tclass=\"sow-icon-container sow-container-round\"\n\t\t\t\tstyle=\"color: #bababa; \"\n\t\t\t\ttitle=\"Etapas\"\n\t\t\t\t\t\t\t\t\thref=\"https:\/\/www.rundwanderweg-triest.de\/es\/categoria\/etapas\/\"\n\t\t\t\t\t\t\t\t>\n\t\t\t\t<span class=\"sow-icon-fontawesome sow-fas\" data-sow-icon=\"&#xf00b;\"\n\t\tstyle=\"font-size: 36px; color: #757575\" \n\t\taria-hidden=\"true\"><\/span>\t\t\t<\/a>\n\n\t\t\t<div class=\"textwidget\">\n\t\t\t\t\n\t\t\t\t\t\t\t\t\t<h5 class=\"sow-features-feature-title\">\n\t\t\t\t\t\t\t\t\t\t\t\t\t<a\n\t\t\t\t\t\t\t\thref=\"https:\/\/www.rundwanderweg-triest.de\/es\/categoria\/etapas\/\"\n\t\t\t\t\t\t\t\t\t\t\t\t\t\t\t>\n\t\t\t\t\t\t\tEtapas\t\t\t\t\t\t\t<\/a>\n\t\t\t\t\t\t\t\t\t\t\t\t<\/h5>\n\t\t\t\t\n\t\t\t\t\t\t\t<\/div>\n\t\t\t\t\t\t\t\t<\/li>\n\n\t\t\t<li\n\t\t\tclass=\"sow-features-feature sow-icon-container-position-top\"\n\t\t\tstyle=\"display: flex; flex-direction: column; width: calc(16.667% - 25px);\"\n\t\t>\n\t\t\t\n\t\t\t\t\t\t<a\t\t\t\tclass=\"sow-icon-container sow-container-round\"\n\t\t\t\tstyle=\"color: #bababa; \"\n\t\t\t\ttitle=\"Lo que hay que saber\"\n\t\t\t\t\t\t\t\t\thref=\"https:\/\/www.rundwanderweg-triest.de\/es\/categoria\/que-vale-la-pena-conocer\/\"\n\t\t\t\t\t\t\t\t>\n\t\t\t\t<span class=\"sow-icon-fontawesome sow-fas\" data-sow-icon=\"&#xf02d;\"\n\t\tstyle=\"font-size: 36px; color: #757575\" \n\t\taria-hidden=\"true\"><\/span>\t\t\t<\/a>\n\n\t\t\t<div class=\"textwidget\">\n\t\t\t\t\n\t\t\t\t\t\t\t\t\t<h5 class=\"sow-features-feature-title\">\n\t\t\t\t\t\t\t\t\t\t\t\t\t<a\n\t\t\t\t\t\t\t\thref=\"https:\/\/www.rundwanderweg-triest.de\/es\/categoria\/que-vale-la-pena-conocer\/\"\n\t\t\t\t\t\t\t\t\t\t\t\t\t\t\t>\n\t\t\t\t\t\t\tLo que hay que saber\t\t\t\t\t\t\t<\/a>\n\t\t\t\t\t\t\t\t\t\t\t\t<\/h5>\n\t\t\t\t\n\t\t\t\t\t\t\t<\/div>\n\t\t\t\t\t\t\t\t<\/li>\n\n\t\t\t<li\n\t\t\tclass=\"sow-features-feature sow-icon-container-position-top\"\n\t\t\tstyle=\"display: flex; flex-direction: column; width: calc(16.667% - 25px);\"\n\t\t>\n\t\t\t\n\t\t\t\t\t\t<a\t\t\t\tclass=\"sow-icon-container sow-container-round\"\n\t\t\t\tstyle=\"color: #bababa; \"\n\t\t\t\ttitle=\"Material cartogr\u00e1fico\"\n\t\t\t\t\t\t\t\t\thref=\"https:\/\/www.rundwanderweg-triest.de\/es\/categoria\/material-cartografico\/\"\n\t\t\t\t\t\t\t\t>\n\t\t\t\t<span class=\"sow-icon-fontawesome sow-fas\" data-sow-icon=\"&#xf14e;\"\n\t\tstyle=\"font-size: 36px; color: #757575\" \n\t\taria-hidden=\"true\"><\/span>\t\t\t<\/a>\n\n\t\t\t<div class=\"textwidget\">\n\t\t\t\t\n\t\t\t\t\t\t\t\t\t<h5 class=\"sow-features-feature-title\">\n\t\t\t\t\t\t\t\t\t\t\t\t\t<a\n\t\t\t\t\t\t\t\thref=\"https:\/\/www.rundwanderweg-triest.de\/es\/categoria\/material-cartografico\/\"\n\t\t\t\t\t\t\t\t\t\t\t\t\t\t\t>\n\t\t\t\t\t\t\tMaterial cartogr\u00e1fico\t\t\t\t\t\t\t<\/a>\n\t\t\t\t\t\t\t\t\t\t\t\t<\/h5>\n\t\t\t\t\n\t\t\t\t\t\t\t<\/div>\n\t\t\t\t\t\t\t\t<\/li>\n\n\t\t\t<li\n\t\t\tclass=\"sow-features-feature sow-icon-container-position-top\"\n\t\t\tstyle=\"display: flex; flex-direction: column; width: calc(16.667% - 25px);\"\n\t\t>\n\t\t\t\n\t\t\t\t\t\t<a\t\t\t\tclass=\"sow-icon-container sow-container-round\"\n\t\t\t\tstyle=\"color: #bababa; \"\n\t\t\t\ttitle=\"Alojamiento\"\n\t\t\t\t\t\t\t\t\thref=\"https:\/\/www.rundwanderweg-triest.de\/es\/categoria\/alojamiento\/\"\n\t\t\t\t\t\t\t\t>\n\t\t\t\t<span class=\"sow-icon-fontawesome sow-fas\" data-sow-icon=\"&#xf236;\"\n\t\tstyle=\"font-size: 36px; color: #757575\" \n\t\taria-hidden=\"true\"><\/span>\t\t\t<\/a>\n\n\t\t\t<div class=\"textwidget\">\n\t\t\t\t\n\t\t\t\t\t\t\t\t\t<h5 class=\"sow-features-feature-title\">\n\t\t\t\t\t\t\t\t\t\t\t\t\t<a\n\t\t\t\t\t\t\t\thref=\"https:\/\/www.rundwanderweg-triest.de\/es\/categoria\/alojamiento\/\"\n\t\t\t\t\t\t\t\t\t\t\t\t\t\t\t>\n\t\t\t\t\t\t\tAlojamiento\t\t\t\t\t\t\t<\/a>\n\t\t\t\t\t\t\t\t\t\t\t\t<\/h5>\n\t\t\t\t\n\t\t\t\t\t\t\t<\/div>\n\t\t\t\t\t\t\t\t<\/li>\n\n\t\t\t<li\n\t\t\tclass=\"sow-features-feature sow-icon-container-position-top\"\n\t\t\tstyle=\"display: flex; flex-direction: column; width: calc(16.667% - 25px);\"\n\t\t>\n\t\t\t\n\t\t\t\t\t\t<a\t\t\t\tclass=\"sow-icon-container sow-container-round\"\n\t\t\t\tstyle=\"color: #bababa; \"\n\t\t\t\ttitle=\"Llegada\"\n\t\t\t\t\t\t\t\t\thref=\"https:\/\/www.rundwanderweg-triest.de\/es\/categoria\/llegada-salida-intentos\/\"\n\t\t\t\t\t\t\t\t>\n\t\t\t\t<span class=\"sow-icon-fontawesome sow-fas\" data-sow-icon=\"&#xf238;\"\n\t\tstyle=\"font-size: 36px; color: #757575\" \n\t\taria-hidden=\"true\"><\/span>\t\t\t<\/a>\n\n\t\t\t<div class=\"textwidget\">\n\t\t\t\t\n\t\t\t\t\t\t\t\t\t<h5 class=\"sow-features-feature-title\">\n\t\t\t\t\t\t\t\t\t\t\t\t\t<a\n\t\t\t\t\t\t\t\thref=\"https:\/\/www.rundwanderweg-triest.de\/es\/categoria\/llegada-salida-intentos\/\"\n\t\t\t\t\t\t\t\t\t\t\t\t\t\t\t>\n\t\t\t\t\t\t\tLlegada\t\t\t\t\t\t\t<\/a>\n\t\t\t\t\t\t\t\t\t\t\t\t<\/h5>\n\t\t\t\t\n\t\t\t\t\t\t\t<\/div>\n\t\t\t\t\t\t\t\t<\/li>\n\n\t<\/ul>\n<\/div><\/div><\/div><\/div><div id=\"pg-9-1\"  class=\"panel-grid panel-no-style\" ><div id=\"pgc-9-1-0\"  class=\"panel-grid-cell\" ><div id=\"panel-9-1-0-0\" class=\"so-panel widget widget_black-studio-tinymce widget_black_studio_tinymce panel-first-child panel-last-child\" data-index=\"1\" ><h3 class=\"widget-title\">De Italia a Eslovenia y vuelta en cinco d\u00edas<\/h3><div class=\"textwidget\"><p>Los alrededores de Trieste son ideales para el senderismo: La meseta calc\u00e1rea de las monta\u00f1as eslovenas del Karst empuja hasta unos cientos de metros del Adri\u00e1tico italiano en esta zona, creando un paisaje variado de extra\u00f1as formaciones rocosas, laderas escarpadas, sombr\u00edos bosques caducifolios y cuidados vi\u00f1edos.<\/p>\n<p>El karst es especialmente espectacular en el para\u00edso de la escalada y el monta\u00f1ismo \"Val Rosandra\": el peque\u00f1o r\u00edo Rosandra ha excavado un desfiladero de casi 400 metros de profundidad en las monta\u00f1as k\u00e1rsticas. Desde el punto de vista paisaj\u00edstico, casi se podr\u00eda pensar que se est\u00e1 en la alta monta\u00f1a, si no fuera por el mar cercano y las instalaciones portuarias en el horizonte.<\/p>\n<\/div><\/div><\/div><div id=\"pgc-9-1-1\"  class=\"panel-grid-cell\" ><div id=\"panel-9-1-1-0\" class=\"so-panel widget widget_sow-image panel-first-child panel-last-child\" data-index=\"2\" ><div\n\t\t\t\n\t\t\tclass=\"so-widget-sow-image so-widget-sow-image-default-8b5b6f678277-9\"\n\t\t\t\n\t\t>\n<div class=\"sow-image-container\">\n\t\t\t<a href=\"https:\/\/www.rundwanderweg-triest.de\/wp-content\/uploads\/Rundwanderung-Triest-ITA-SLO-Etappe-3-Gesteinsformation-auf-dem-Triestiner-Karst-umgeben-von-Laubwald.jpg\"\n\t\t\t\t\t>\n\t\t\t<img \n\tsrc=\"https:\/\/www.rundwanderweg-triest.de\/wp-content\/uploads\/Rundwanderung-Triest-ITA-SLO-Etappe-3-Gesteinsformation-auf-dem-Triestiner-Karst-umgeben-von-Laubwald.jpg\" width=\"1200\" height=\"675\" srcset=\"https:\/\/www.rundwanderweg-triest.de\/wp-content\/uploads\/Rundwanderung-Triest-ITA-SLO-Etappe-3-Gesteinsformation-auf-dem-Triestiner-Karst-umgeben-von-Laubwald.jpg 1200w, https:\/\/www.rundwanderweg-triest.de\/wp-content\/uploads\/Rundwanderung-Triest-ITA-SLO-Etappe-3-Gesteinsformation-auf-dem-Triestiner-Karst-umgeben-von-Laubwald-300x169.jpg 300w, https:\/\/www.rundwanderweg-triest.de\/wp-content\/uploads\/Rundwanderung-Triest-ITA-SLO-Etappe-3-Gesteinsformation-auf-dem-Triestiner-Karst-umgeben-von-Laubwald-768x432.jpg 768w, https:\/\/www.rundwanderweg-triest.de\/wp-content\/uploads\/Rundwanderung-Triest-ITA-SLO-Etappe-3-Gesteinsformation-auf-dem-Triestiner-Karst-umgeben-von-Laubwald-1024x576.jpg 1024w\" sizes=\"(max-width: 1200px) 100vw, 1200px\" title=\"Formaci\u00f3n caliza rodeada de bosque caducifolio\" alt=\"\" \t\tclass=\"so-widget-image\"\/>\n\t\t\t<\/a><\/div>\n\n<h3 class=\"widget-title\">Formaci\u00f3n caliza rodeada de bosque caducifolio<\/h3><\/div><\/div><\/div><\/div><div id=\"pg-9-2\"  class=\"panel-grid panel-no-style\" ><div id=\"pgc-9-2-0\"  class=\"panel-grid-cell\" ><div id=\"panel-9-2-0-0\" class=\"so-panel widget widget_sow-image panel-first-child panel-last-child\" data-index=\"3\" ><div\n\t\t\t\n\t\t\tclass=\"so-widget-sow-image so-widget-sow-image-default-8b5b6f678277-9\"\n\t\t\t\n\t\t>\n<div class=\"sow-image-container\">\n\t\t\t<a href=\"https:\/\/www.rundwanderweg-triest.de\/wp-content\/uploads\/Rundwanderung-Triest-ITA-SLO-Etappe-3-Weinberge-auf-dem-Triestiner-Karst-1.jpg\"\n\t\t\t\t\t>\n\t\t\t<img \n\tsrc=\"https:\/\/www.rundwanderweg-triest.de\/wp-content\/uploads\/Rundwanderung-Triest-ITA-SLO-Etappe-3-Weinberge-auf-dem-Triestiner-Karst-1.jpg\" width=\"800\" height=\"600\" srcset=\"https:\/\/www.rundwanderweg-triest.de\/wp-content\/uploads\/Rundwanderung-Triest-ITA-SLO-Etappe-3-Weinberge-auf-dem-Triestiner-Karst-1.jpg 800w, https:\/\/www.rundwanderweg-triest.de\/wp-content\/uploads\/Rundwanderung-Triest-ITA-SLO-Etappe-3-Weinberge-auf-dem-Triestiner-Karst-1-300x225.jpg 300w, https:\/\/www.rundwanderweg-triest.de\/wp-content\/uploads\/Rundwanderung-Triest-ITA-SLO-Etappe-3-Weinberge-auf-dem-Triestiner-Karst-1-768x576.jpg 768w\" sizes=\"(max-width: 800px) 100vw, 800px\" title=\"Vi\u00f1edos en el Karst triestino\" alt=\"\" \t\tclass=\"so-widget-image\"\/>\n\t\t\t<\/a><\/div>\n\n<h3 class=\"widget-title\">Vi\u00f1edos en el Karst triestino<\/h3><\/div><\/div><\/div><div id=\"pgc-9-2-1\"  class=\"panel-grid-cell\" ><div id=\"panel-9-2-1-0\" class=\"so-panel widget widget_black-studio-tinymce widget_black_studio_tinymce panel-first-child\" data-index=\"4\" ><h3 class=\"widget-title\">Senderismo por el paisaje k\u00e1rstico de los alrededores de Trieste<\/h3><div class=\"textwidget\"><p>En el verano de 2017, nos pusimos en marcha y recorrimos esta gran zona en cinco etapas de un d\u00eda. \u00bfQui\u00e9n est\u00e1 interesado en <strong>Excursiones mediterr\u00e1neas de largo recorrido<\/strong>\u00a0puede inspirar, donde ni el <strong>reto deportivo<\/strong> ni la relajaci\u00f3n en <strong>hermosos alojamientos<\/strong> Si no quiere perderse nada, \u00a1seguro que encuentra algo en los alrededores de Trieste! La regi\u00f3n es muy atractiva desde el punto de vista paisaj\u00edstico y cultural, y tiene mucho que ofrecer en cuanto a gastronom\u00eda.<\/p>\n<p>Como llevamos varios a\u00f1os trabajando bajo <a href=\"https:\/\/www.wanderndeluxe.de\" target=\"_blank\" rel=\"noopener\">www.wanderndeluxe.de<\/a>\u00a0recomiendan rutas de senderismo de larga distancia que merecen la pena o crean sus propias gu\u00edas de senderismo en l\u00ednea, ahora tambi\u00e9n hemos preparado esta excursi\u00f3n en consecuencia y hemos recopilado consejos para otros senderistas. Tambi\u00e9n nos alegramos de <a href=\"https:\/\/www.rundwanderweg-triest.de\/es\/preguntas-informes-de-experiencia-y-consejos-para-la-salida-del-triunfo\/\">Comentarios y sugerencias<\/a>!<\/p>\n<p>\u00a1Que te diviertas volviendo a hacer senderismo!<\/p>\n<p>Frank y Christiane<\/p>\n<\/div><\/div><div id=\"panel-9-2-1-1\" class=\"so-panel widget widget_siteorigin-panels-builder panel-last-child\" data-index=\"5\" ><div id=\"pl-w62ef6cab52f79\"  class=\"panel-layout\" ><div id=\"pg-w62ef6cab52f79-0\"  class=\"panel-grid panel-no-style\" ><div id=\"pgc-w62ef6cab52f79-0-0\"  class=\"panel-grid-cell\" ><div id=\"panel-w62ef6cab52f79-0-0-0\" class=\"so-panel widget widget_sow-image panel-first-child panel-last-child\" data-index=\"0\" ><div\n\t\t\t\n\t\t\tclass=\"so-widget-sow-image so-widget-sow-image-default-8b5b6f678277\"\n\t\t\t\n\t\t>\n<div class=\"sow-image-container\">\n\t\t<img \n\tsrc=\"https:\/\/www.rundwanderweg-triest.de\/wp-content\/uploads\/Profil-Frank-2020-150x150.jpg\" width=\"150\" height=\"150\" srcset=\"https:\/\/www.rundwanderweg-triest.de\/wp-content\/uploads\/Profil-Frank-2020-150x150.jpg 150w, https:\/\/www.rundwanderweg-triest.de\/wp-content\/uploads\/Profil-Frank-2020-300x300.jpg 300w, https:\/\/www.rundwanderweg-triest.de\/wp-content\/uploads\/Profil-Frank-2020-12x12.jpg 12w, https:\/\/www.rundwanderweg-triest.de\/wp-content\/uploads\/Profil-Frank-2020.jpg 696w\" sizes=\"(max-width: 150px) 100vw, 150px\" alt=\"\" \t\tclass=\"so-widget-image\"\/>\n\t<\/div>\n\n<\/div><\/div><\/div><div id=\"pgc-w62ef6cab52f79-0-1\"  class=\"panel-grid-cell\" ><div id=\"panel-w62ef6cab52f79-0-1-0\" class=\"so-panel widget widget_sow-image panel-first-child panel-last-child\" data-index=\"1\" ><div\n\t\t\t\n\t\t\tclass=\"so-widget-sow-image so-widget-sow-image-default-8b5b6f678277\"\n\t\t\t\n\t\t>\n<div class=\"sow-image-container\">\n\t\t<img \n\tsrc=\"https:\/\/www.rundwanderweg-triest.de\/wp-content\/uploads\/Avatar_Christiane_klein-150x150.jpg\" width=\"150\" height=\"150\" srcset=\"https:\/\/www.rundwanderweg-triest.de\/wp-content\/uploads\/Avatar_Christiane_klein-150x150.jpg 150w, https:\/\/www.rundwanderweg-triest.de\/wp-content\/uploads\/Avatar_Christiane_klein-300x300.jpg 300w, https:\/\/www.rundwanderweg-triest.de\/wp-content\/uploads\/Avatar_Christiane_klein-12x12.jpg 12w, https:\/\/www.rundwanderweg-triest.de\/wp-content\/uploads\/Avatar_Christiane_klein.jpg 667w\" sizes=\"(max-width: 150px) 100vw, 150px\" alt=\"\" \t\tclass=\"so-widget-image\"\/>\n\t<\/div>\n\n<\/div><\/div><\/div><\/div><\/div><\/div><\/div><\/div><div id=\"pg-9-3\"  class=\"panel-grid panel-no-style\" ><div id=\"pgc-9-3-0\"  class=\"panel-grid-cell\" ><div id=\"panel-9-3-0-0\" class=\"so-panel widget widget_sow-editor panel-first-child panel-last-child\" data-index=\"6\" ><div\n\t\t\t\n\t\t\tclass=\"so-widget-sow-editor so-widget-sow-editor-base\"\n\t\t\t\n\t\t>\n<div class=\"siteorigin-widget-tinymce textwidget\">\n\t\n\t\t<style type=\"text\/css\">\n\t\t\t#gallery-1 {\n\t\t\t\tmargin: auto;\n\t\t\t}\n\t\t\t#gallery-1 .gallery-item {\n\t\t\t\tfloat: left;\n\t\t\t\tmargin-top: 10px;\n\t\t\t\ttext-align: center;\n\t\t\t\twidth: 33%;\n\t\t\t}\n\t\t\t#gallery-1 img {\n\t\t\t\tborder: 2px solid #cfcfcf;\n\t\t\t}\n\t\t\t#gallery-1 .gallery-caption {\n\t\t\t\tmargin-left: 0;\n\t\t\t}\n\t\t\t\/* see gallery_shortcode() in wp-includes\/media.php *\/\n\t\t<\/style>\n\t\t<div id='gallery-1' class='gallery galleryid-9 gallery-columns-3 gallery-size-full'><dl class='gallery-item'>\n\t\t\t<dt class='gallery-icon landscape'>\n\t\t\t\t<a href=\"https:\/\/www.rundwanderweg-triest.de\/wp-content\/uploads\/Rundwanderung-Triest-ITA-SLO-Etappe-1-Blick-\u00fcber-den-Golf-von-Triest-bis-nach-Kroatien.jpg\"><img loading=\"lazy\" decoding=\"async\" width=\"800\" height=\"800\" src=\"https:\/\/www.rundwanderweg-triest.de\/wp-content\/uploads\/Rundwanderung-Triest-ITA-SLO-Etappe-1-Blick-\u00fcber-den-Golf-von-Triest-bis-nach-Kroatien.jpg\" class=\"attachment-full size-full\" alt=\"\" srcset=\"https:\/\/www.rundwanderweg-triest.de\/wp-content\/uploads\/Rundwanderung-Triest-ITA-SLO-Etappe-1-Blick-\u00fcber-den-Golf-von-Triest-bis-nach-Kroatien.jpg 800w, https:\/\/www.rundwanderweg-triest.de\/wp-content\/uploads\/Rundwanderung-Triest-ITA-SLO-Etappe-1-Blick-\u00fcber-den-Golf-von-Triest-bis-nach-Kroatien-150x150.jpg 150w, https:\/\/www.rundwanderweg-triest.de\/wp-content\/uploads\/Rundwanderung-Triest-ITA-SLO-Etappe-1-Blick-\u00fcber-den-Golf-von-Triest-bis-nach-Kroatien-300x300.jpg 300w, https:\/\/www.rundwanderweg-triest.de\/wp-content\/uploads\/Rundwanderung-Triest-ITA-SLO-Etappe-1-Blick-\u00fcber-den-Golf-von-Triest-bis-nach-Kroatien-768x768.jpg 768w\" sizes=\"auto, (max-width: 800px) 100vw, 800px\" \/><\/a>\n\t\t\t<\/dt><\/dl><dl class='gallery-item'>\n\t\t\t<dt class='gallery-icon landscape'>\n\t\t\t\t<a href=\"https:\/\/www.rundwanderweg-triest.de\/wp-content\/uploads\/\u00dcbernachtung-in-Sgonico-BB-Sgonico-Swimming-Pool-mit-Holzumrandung.jpg\"><img loading=\"lazy\" decoding=\"async\" width=\"800\" height=\"800\" src=\"https:\/\/www.rundwanderweg-triest.de\/wp-content\/uploads\/\u00dcbernachtung-in-Sgonico-BB-Sgonico-Swimming-Pool-mit-Holzumrandung.jpg\" class=\"attachment-full size-full\" alt=\"\" srcset=\"https:\/\/www.rundwanderweg-triest.de\/wp-content\/uploads\/\u00dcbernachtung-in-Sgonico-BB-Sgonico-Swimming-Pool-mit-Holzumrandung.jpg 800w, https:\/\/www.rundwanderweg-triest.de\/wp-content\/uploads\/\u00dcbernachtung-in-Sgonico-BB-Sgonico-Swimming-Pool-mit-Holzumrandung-150x150.jpg 150w, https:\/\/www.rundwanderweg-triest.de\/wp-content\/uploads\/\u00dcbernachtung-in-Sgonico-BB-Sgonico-Swimming-Pool-mit-Holzumrandung-300x300.jpg 300w, https:\/\/www.rundwanderweg-triest.de\/wp-content\/uploads\/\u00dcbernachtung-in-Sgonico-BB-Sgonico-Swimming-Pool-mit-Holzumrandung-768x768.jpg 768w\" sizes=\"auto, (max-width: 800px) 100vw, 800px\" \/><\/a>\n\t\t\t<\/dt><\/dl><dl class='gallery-item'>\n\t\t\t<dt class='gallery-icon landscape'>\n\t\t\t\t<a href=\"https:\/\/www.rundwanderweg-triest.de\/wp-content\/uploads\/Rundwanderweg-Triest-Aperitivo-in-der-Abendsonne-am-Canal-Grande-in-Triest.jpg\"><img loading=\"lazy\" decoding=\"async\" width=\"800\" height=\"800\" src=\"https:\/\/www.rundwanderweg-triest.de\/wp-content\/uploads\/Rundwanderweg-Triest-Aperitivo-in-der-Abendsonne-am-Canal-Grande-in-Triest.jpg\" class=\"attachment-full size-full\" alt=\"\" srcset=\"https:\/\/www.rundwanderweg-triest.de\/wp-content\/uploads\/Rundwanderweg-Triest-Aperitivo-in-der-Abendsonne-am-Canal-Grande-in-Triest.jpg 800w, https:\/\/www.rundwanderweg-triest.de\/wp-content\/uploads\/Rundwanderweg-Triest-Aperitivo-in-der-Abendsonne-am-Canal-Grande-in-Triest-150x150.jpg 150w, https:\/\/www.rundwanderweg-triest.de\/wp-content\/uploads\/Rundwanderweg-Triest-Aperitivo-in-der-Abendsonne-am-Canal-Grande-in-Triest-300x300.jpg 300w, https:\/\/www.rundwanderweg-triest.de\/wp-content\/uploads\/Rundwanderweg-Triest-Aperitivo-in-der-Abendsonne-am-Canal-Grande-in-Triest-768x768.jpg 768w\" sizes=\"auto, (max-width: 800px) 100vw, 800px\" \/><\/a>\n\t\t\t<\/dt><\/dl><br style=\"clear: both\" \/>\n\t\t<\/div>\n\n<\/div>\n<\/div><\/div><\/div><\/div><\/div>","protected":false},"excerpt":{"rendered":"<p>Die Gegend rund um Triest eignet sich hervorragend zum Wandern: Das Kalksteinplateau des slowenischen Karst-Gebirges schiebt sich in dieser Gegend bis auf wenige hundert Meter an die italienische Adria heran und schafft damit eine abwechslungsreiche Landschaft aus bizarren Felsformationen, schroffen Abh\u00e4ngen,\u00a0schattigen Laubw\u00e4ldern und sorgf\u00e4ltig gepflegten Weinbergen. Besonders spektakul\u00e4r setzt sich der Karst im Kletter- und [&hellip;]<\/p>\n","protected":false},"author":1,"featured_media":0,"parent":0,"menu_order":0,"comment_status":"closed","ping_status":"closed","template":"home-panels.php","meta":{"footnotes":""},"class_list":["post-9","page","type-page","status-publish","hentry","post"],"_links":{"self":[{"href":"https:\/\/www.rundwanderweg-triest.de\/es\/wp-json\/wp\/v2\/pages\/9","targetHints":{"allow":["GET"]}}],"collection":[{"href":"https:\/\/www.rundwanderweg-triest.de\/es\/wp-json\/wp\/v2\/pages"}],"about":[{"href":"https:\/\/www.rundwanderweg-triest.de\/es\/wp-json\/wp\/v2\/types\/page"}],"author":[{"embeddable":true,"href":"https:\/\/www.rundwanderweg-triest.de\/es\/wp-json\/wp\/v2\/users\/1"}],"replies":[{"embeddable":true,"href":"https:\/\/www.rundwanderweg-triest.de\/es\/wp-json\/wp\/v2\/comments?post=9"}],"version-history":[{"count":3,"href":"https:\/\/www.rundwanderweg-triest.de\/es\/wp-json\/wp\/v2\/pages\/9\/revisions"}],"predecessor-version":[{"id":2571,"href":"https:\/\/www.rundwanderweg-triest.de\/es\/wp-json\/wp\/v2\/pages\/9\/revisions\/2571"}],"wp:attachment":[{"href":"https:\/\/www.rundwanderweg-triest.de\/es\/wp-json\/wp\/v2\/media?parent=9"}],"curies":[{"name":"wp","href":"https:\/\/api.w.org\/{rel}","templated":true}]}}