{"id":325,"date":"2018-04-08T13:51:55","date_gmt":"2018-04-08T11:51:55","guid":{"rendered":"https:\/\/www.rundwanderweg-triest.de\/?page_id=325"},"modified":"2021-10-15T14:42:41","modified_gmt":"2021-10-15T12:42:41","slug":"su-di-noi","status":"publish","type":"page","link":"https:\/\/www.rundwanderweg-triest.de\/it\/ueber-uns\/","title":{"rendered":"Chi siamo"},"content":{"rendered":"<div id=\"pl-325\"  class=\"panel-layout\" ><div id=\"pg-325-0\"  class=\"panel-grid panel-no-style\" ><div id=\"pgc-325-0-0\"  class=\"panel-grid-cell\" ><div id=\"panel-325-0-0-0\" class=\"so-panel widget widget_sow-editor panel-first-child panel-last-child\" data-index=\"0\" ><div\n\t\t\t\n\t\t\tclass=\"so-widget-sow-editor so-widget-sow-editor-base\"\n\t\t\t\n\t\t>\n<div class=\"siteorigin-widget-tinymce textwidget\">\n\t<p>Siamo appassionati escursionisti di lungo corso e amiamo stare nella natura per qualche giorno di vacanza con il solo zaino in spalla! Da qualche anno, anche noi siamo affascinati dall'ignoto, <strong>Percorsi escursionistici mediterranei di lunga percorrenza<\/strong> preso.<\/p>\n<p>Il <strong>Combinazione di montagna e mare\u00a0<\/strong>e l'opportunit\u00e0 di lavorare in ambienti belli e per lo pi\u00f9 <strong>alloggio molto individuale\u00a0<\/strong>sono sempre un motivo per sognare la nostra prossima vacanza escursionistica!<\/p>\n<p>Spesso il <strong>Sforzo di ricerca<\/strong> Prima della vacanza, tuttavia, siamo rimasti piuttosto sorpresi dal fatto che alcuni percorsi escursionistici fossero ottimamente tracciati e ben segnalati in loco, ma allo stesso tempo rimanessero completamente sconosciuti sul web.<\/p>\n<p>Anche il <strong>Editori di libri per l'outdoor e l'escursionismo<\/strong> sembrano ignorare in gran parte i sentieri mediterranei a lunga percorrenza che tanto amiamo: Presumibilmente, gli itinerari escursionistici con sei-dieci tappe sono troppo brevi per riempire un intero libro. Inoltre, il gruppo target potenziale \u00e8 naturalmente pi\u00f9 piccolo rispetto a quello dei libri di escursionismo, che si rivolgono principalmente agli escursionisti di un giorno.<\/p>\n<p>Per questo motivo, a un certo punto abbiamo iniziato a documentare online una delle nostre vacanze escursionistiche, per farci conoscere meglio. I numerosi riscontri positivi ci hanno spronato a portare avanti questa idea - e cos\u00ec nel frattempo sono state create altre guide escursionistiche online! Una panoramica aggiornata dei nostri progetti escursionistici \u00e8 disponibile al link<\/p>\n<p><a href=\"https:\/\/www.wanderndeluxe.de\/fernwanderwege\/\" target=\"_blank\" rel=\"noopener\">www.wanderndeluxe.de\/fernwanderwege\/<\/a><\/p>\n<p>Non vediamo l'ora di condividere con voi il nostro entusiasmo per l'escursionismo!<\/p>\n<\/div>\n<\/div><\/div><\/div><div id=\"pgc-325-0-1\"  class=\"panel-grid-cell\" ><div id=\"panel-325-0-1-0\" class=\"so-panel widget widget_sow-image panel-first-child panel-last-child\" data-index=\"1\" ><div\n\t\t\t\n\t\t\tclass=\"so-widget-sow-image so-widget-sow-image-default-8b5b6f678277-325\"\n\t\t\t\n\t\t>\n<div class=\"sow-image-container\">\n\t\t\t<a href=\"https:\/\/www.rundwanderweg-triest.de\/wp-content\/uploads\/wandern-rund-um-triest-\u00fcber-uns.jpg\">\n\t\t\t<img \n\tsrc=\"https:\/\/www.rundwanderweg-triest.de\/wp-content\/uploads\/wandern-rund-um-triest-\u00fcber-uns.jpg\" width=\"800\" height=\"800\" srcset=\"https:\/\/www.rundwanderweg-triest.de\/wp-content\/uploads\/wandern-rund-um-triest-\u00fcber-uns.jpg 800w, https:\/\/www.rundwanderweg-triest.de\/wp-content\/uploads\/wandern-rund-um-triest-\u00fcber-uns-150x150.jpg 150w, https:\/\/www.rundwanderweg-triest.de\/wp-content\/uploads\/wandern-rund-um-triest-\u00fcber-uns-300x300.jpg 300w, https:\/\/www.rundwanderweg-triest.de\/wp-content\/uploads\/wandern-rund-um-triest-\u00fcber-uns-768x768.jpg 768w\" sizes=\"(max-width: 800px) 100vw, 800px\" alt=\"\" \t\tclass=\"so-widget-image\"\/>\n\t\t\t<\/a><\/div>\n\n<\/div><\/div><\/div><\/div><\/div>","protected":false},"excerpt":{"rendered":"<p>Wir sind begeisterte Fern-Wanderer und lieben es, im Urlaub f\u00fcr einige Tage nur mit dem Rucksack in der Natur unterwegs zu sein!\u00a0Seit einigen Jahren haben es uns zudem die eher unbekannten, mediterranen Fernwanderwege angetan. Die Kombination von Bergen und Meer\u00a0und die M\u00f6glichkeit, in sch\u00f6nen und meist sehr individuellen Unterk\u00fcnften\u00a0zu \u00fcbernachten, sind f\u00fcr uns immer wieder [&hellip;]<\/p>\n","protected":false},"author":1,"featured_media":0,"parent":0,"menu_order":0,"comment_status":"closed","ping_status":"closed","template":"","meta":{"footnotes":""},"class_list":["post-325","page","type-page","status-publish","hentry","post"],"_links":{"self":[{"href":"https:\/\/www.rundwanderweg-triest.de\/it\/wp-json\/wp\/v2\/pages\/325","targetHints":{"allow":["GET"]}}],"collection":[{"href":"https:\/\/www.rundwanderweg-triest.de\/it\/wp-json\/wp\/v2\/pages"}],"about":[{"href":"https:\/\/www.rundwanderweg-triest.de\/it\/wp-json\/wp\/v2\/types\/page"}],"author":[{"embeddable":true,"href":"https:\/\/www.rundwanderweg-triest.de\/it\/wp-json\/wp\/v2\/users\/1"}],"replies":[{"embeddable":true,"href":"https:\/\/www.rundwanderweg-triest.de\/it\/wp-json\/wp\/v2\/comments?post=325"}],"version-history":[{"count":4,"href":"https:\/\/www.rundwanderweg-triest.de\/it\/wp-json\/wp\/v2\/pages\/325\/revisions"}],"predecessor-version":[{"id":2884,"href":"https:\/\/www.rundwanderweg-triest.de\/it\/wp-json\/wp\/v2\/pages\/325\/revisions\/2884"}],"wp:attachment":[{"href":"https:\/\/www.rundwanderweg-triest.de\/it\/wp-json\/wp\/v2\/media?parent=325"}],"curies":[{"name":"wp","href":"https:\/\/api.w.org\/{rel}","templated":true}]}}